{"id":61,"date":"2025-09-05T20:46:32","date_gmt":"2025-09-05T20:46:32","guid":{"rendered":"https:\/\/fsbbc.org\/?page_id=61"},"modified":"2025-12-07T10:38:00","modified_gmt":"2025-12-07T10:38:00","slug":"what-we-believe","status":"publish","type":"page","link":"https:\/\/fsbbc.org\/index.php\/what-we-believe\/","title":{"rendered":"What We Believe"},"content":{"rendered":"\n<p><strong>Nous croyons en:<br>1 &#8211; La pleine et entiere inspiration de la Bible.<\/strong><br>Dieu est l\u2019auteur ultime de tous les livres de la Bible. Le Saint-Esprit a guide les auteurs humains dans leur r\u00e9daction, les pr\u00e9servant de toute erreur dans le message qu\u2019ils transmettaient. Elle est infallible et constitue l\u2019autorit\u00e9 ultime en mati\u00e8re de foi et de vie. (2 Ti. 3:16, 2 Pi. 1:21, Jn. 16:13-15).<br><strong>2 &#8211; La Trinite.<\/strong><br>Dieu est \u201cUN\u201d en trois personnes: Le P\u00e8re, le Fils et le Saint-Esprit. Ces trois personnes sont distinctes, mais ont la m\u00eame essence divine. (Mt. 3:16-17).<br><strong>3 &#8211; Deux Ordonnances:<\/strong><br>A &#8211; Le bapt\u00eame d\u2019eau qui est administr\u00e9 par immersion du croyant \u00e0 l\u2019\u00e2ge adulte \u00e0 la suite de son t\u00e9moignage public.<br>B &#8211; La Sainte C\u00e8ne (repas du Seigneur) compos\u00e9e de deux \u00e9lements: Le pain, symbole du corps de J\u00e9sus-Christ. Le vin, symbole du sang de J\u00e9sus-Christ. (1 Co. 11:23-26 ,Mt. 26:26-28 , Mc.14:22-25)<br><strong>4 &#8211; L\u2019Eglise locale est compos\u00e9e uniquement de croyants n\u00e9s de nouveau (Jn. 3:3)<\/strong><br><strong>5 &#8211; Le sacerdoce de tous les croyants.<\/strong><br>Aucune personne ne peut servir de m\u00e9diateur pour communiquer la connaissance, la pr\u00e9sence et le pardon de J\u00e9sus-Christ. Tous les croyants ont le droit et l\u2019autorit\u00e9 de lire, interpr\u00e9ter et appliquer l\u2019enseignement de l\u2019Ecriture. (Ap.1:5-6).<\/p>\n\n\n\n<p><strong>Notre Credo<\/strong><\/p>\n\n\n\n<p><strong>French Speaking Bethesda Baptist Church<\/strong><br><strong>Eglise Baptiste Bethesda d\u2019Expression Fran\u00e7aise<\/strong><\/p>\n\n\n\n<p><strong>Sola Gratia: <\/strong>En latin, cela signifie \u00ab<strong> La gr\u00e2ce seule<\/strong> \u00bb Cette d\u00e9claration signifie que Dieu nous sauve du jugement que nous m\u00e9ritons par la gr\u00e2ce. C\u2019est un don non m\u00e9rit\u00e9. (Ephesiens 2: 8-9).<\/p>\n\n\n\n<p><strong>Sola fide:<\/strong> En latin, cela signifie \u00ab <strong>la foi seule<\/strong> \u00bb Cette d\u00e9claration signifie que nous sommes sauv\u00e9s par la foi seule en J\u00e9sus-Christ. Il a pay\u00e9 la totalit\u00e9 de la peine pour nos p\u00e9ch\u00e9s et le salut est le r\u00e9sultat de l\u2019imputation par Dieu de sa justice \u00e0 ceux qui placent leur foi en lui. (Romains 1:16-17; 4:4-5; Galates 3:26)<\/p>\n\n\n\n<p><strong>Solus Christus:<\/strong> En latin, cela signifie \u00ab <strong>Christ seul<\/strong> \u00bb Cette d\u00e9claration signifie que J\u00e9sus-Christ seule sauve, et aucun autre acteur humain ne peut nous sauver de la col\u00e8re de Dieu. (Jean 14:6; Actes 4:12; Jean 3:16; 2 Cor 5:16)<\/p>\n\n\n\n<p><strong>Sola Scriptura:<\/strong> En latin, cela signifie \u00ab <strong>L\u2019\u00c9criture seule<\/strong> \u00bb Cette d\u00e9claration signifie que la Bible est la seule autorit\u00e9 pour les chr\u00e9tiens en mati\u00e8re de foi, de doctrine et de pratique, car elle est suffisante et sans erreur. (2 Timothee 3:16-17)<\/p>\n\n\n\n<p><strong>Soli Deo Gloria:<\/strong> En latin, cela signifie \u00ab <strong>\u00c0 la gloire de Dieu seul<\/strong> \u00bb Cette d\u00e9claration signifie que l\u2019\u0153uvre de salut de Dieu est pour sa gloire et que nous devons vivre que pour sa gloire.(Rom 11:36)<\/p>\n\n\n\n<p><strong>Sola Gracia:<\/strong> \u00c9ph\u00e9siens 2.8-9 \u2013 Car c\u2019est par la <strong>gr\u00e2ce<\/strong> que vous avez \u00e9t\u00e9 sauv\u00e9s, par le moyen de la foi. Et cela ne vient pas de vous, c\u2019est le don de Dieu, et non le r\u00e9sultat des \u0153uvres, afin que personne ne puisse se glorifier.<\/p>\n\n\n\n<p><strong>Sola Fide:<\/strong> Galates 3:26 &#8211; Car vous \u00eates tous fils de Dieu par la <strong>foi<\/strong> en J\u00e9sus Christ<\/p>\n\n\n\n<p>Romains 1:16-17 &#8211; Car je n&#8217;ai point honte de l&#8217;\u00c9vangile: c&#8217;est une puissance de Dieu pour le salut de quiconque croit, du Juif premi\u00e8rement, puis du Grec,17 parce qu&#8217;en lui est r\u00e9v\u00e9l\u00e9e la justice de Dieu par la foi et pour la foi, selon qu&#8217;il est \u00e9crit: Le juste vivra par la foi.<\/p>\n\n\n\n<p>Romains 4.4-5 \u2013 Or, pour celui qui travaille, son salaire n\u2019est pas consid\u00e9r\u00e9 comme un don, mais comme un d\u00fb. Mais \u00e0 celui qui ne travaille pas, mais qui croit en celui qui justifie les impies, sa foi est consid\u00e9r\u00e9e comme une justice.<\/p>\n\n\n\n<p><strong>Sola Christus:<\/strong> Jean 14.6 \u2013 <strong>J\u00e9sus<\/strong> lui dit : \u00bb Je suis le chemin, la v\u00e9rit\u00e9 et la vie. Personne ne vient au P\u00e8re que par moi \u00bb.<\/p>\n\n\n\n<p>Jean 3:16 \u201cCar Dieu a tant aim\u00e9 le monde qu&#8217;il a donn\u00e9 son Fils unique, afin que quiconque croit en lui ne p\u00e9risse point, mais qu&#8217;il ait la vie \u00e9ternelle.\u201d<\/p>\n\n\n\n<p>Actes 4:12 \u201cIl n&#8217;y a de salut en aucun autre; car il n&#8217;y a sous le ciel aucun autre nom qui ait \u00e9t\u00e9 donn\u00e9 parmi les hommes, par lequel nous devions \u00eatre sauv\u00e9s.\u201d<\/p>\n\n\n\n<p><strong>Sola Scriptura:<\/strong> 2 Timoth\u00e9e 3.16-17 \u2013 \u201cToute \u00c9criture est inspir\u00e9e de Dieu et utile pour enseigner, pour convaincre, pour corriger et pour former \u00e0 la justice, afin que l\u2019homme de Dieu soit accompli et \u00e9quip\u00e9 pour toute bonne \u0153uvre.\u201d<\/p>\n\n\n\n<p><strong>Sola gloria:<\/strong> \u00c9ph\u00e9siens 1.5-6 \u2013 Dans son amour, il nous a pr\u00e9destin\u00e9s \u00e0 \u00eatre adopt\u00e9s par lui comme fils par J\u00e9sus-Christ, selon le dessein de sa volont\u00e9, \u00e0 la louange de sa gr\u00e2ce glorieuse, dont il nous a b\u00e9nis dans le Bien-aim\u00e9.<\/p>\n\n\n\n<p>Eph 3:16-17 \u201cafin qu\u2019il vous donne, selon la richesse de sa gloire, d\u2019\u00eatre puissamment fortifi\u00e9s par son Esprit dans l\u2019homme int\u00e9rieur, en sorte que Christ habite dans nos coeurs par la foi \u00e9tant enracin\u00e9s et fond\u00e9s dans l\u2019amour,\u201d<\/p>\n\n\n\n<p>Romains 11:36 \u201cC\u2019est de lui, par lui, et pour lui que sont toutes choses. A lui la gloire dans tous les siecles! Amen!\u201d<\/p>\n\n\n\n<p><strong>Sola Gracia:<\/strong> Ephesians 2.8-9: 8For by the grace you have been saved through faith; and that not of yourselves, it is the gift of God; 9 not of the result of your works, so that no one may boast.<\/p>\n\n\n\n<p><strong>Sola Fide:<\/strong> Galatians 3:26; Romans 1:16-17; Romans 4.4-5 \u201cFor you are all are sons of God through faith in Christ Jesus.\u201d<\/p>\n\n\n\n<p><strong>Sola Christus:<\/strong> John 14.6; Acts 4:12 \u201c Jesus said to him, \u201cI am the way, and the truth, and the life; no one comes to the Father but through me.\u201d<\/p>\n\n\n\n<p>Acts 4:12 \u201cAnd there is salvation in no one else; for there is no other name under heaven that has been given among men by which we must be saved\u201d<\/p>\n\n\n\n<p><strong>Sola Scriptura:<\/strong> 2 Timothy 3.16-17 All Scripture is inspired by God and profitable for teaching, for reproof, for correction, for training, in righteousness; 17 so that the man of Good may be adequate, equipped for every good work.<\/p>\n\n\n\n<p><strong>Sola gloria:<\/strong> Ephesians 1.5-6; Romans 11:36 : He predestined us to adoption as sons through Jesus Christ to Himself, according to the kind intention of His will, 6 to the praise of the glory of His grace, which He freely bestowed on us in the Beloved.<\/p>\n\n\n\n<p>Romans 11:36 For from Him and through Him and to Him are all things. To Him be the glory forever. Amen.<\/p>\n","protected":false},"excerpt":{"rendered":"<p>Nous croyons en:1 &#8211; La pleine et entiere inspiration de la Bible.Dieu est l\u2019auteur ultime de tous les livres de la Bible. Le Saint-Esprit a guide les auteurs humains dans leur r\u00e9daction, les pr\u00e9servant de toute erreur dans le message qu\u2019ils transmettaient. Elle est infallible et constitue l\u2019autorit\u00e9 ultime en mati\u00e8re de foi et de [&hellip;]<\/p>\n","protected":false},"author":1,"featured_media":0,"parent":0,"menu_order":2,"comment_status":"closed","ping_status":"closed","template":"","meta":{"footnotes":""},"class_list":["post-61","page","type-page","status-publish","hentry"],"yoast_head":"<!-- This site is optimized with the Yoast SEO plugin v25.6 - https:\/\/yoast.com\/wordpress\/plugins\/seo\/ -->\n<title>What We Believe - French Speaking Bethesda Baptist Church<\/title>\n<meta name=\"robots\" content=\"index, follow, max-snippet:-1, max-image-preview:large, max-video-preview:-1\" \/>\n<link rel=\"canonical\" href=\"https:\/\/fsbbc.org\/index.php\/what-we-believe\/\" \/>\n<meta property=\"og:locale\" content=\"en_US\" \/>\n<meta property=\"og:type\" content=\"article\" \/>\n<meta property=\"og:title\" content=\"What We Believe - French Speaking Bethesda Baptist Church\" \/>\n<meta property=\"og:description\" content=\"Nous croyons en:1 &#8211; La pleine et entiere inspiration de la Bible.Dieu est l\u2019auteur ultime de tous les livres de la Bible. Le Saint-Esprit a guide les auteurs humains dans leur r\u00e9daction, les pr\u00e9servant de toute erreur dans le message qu\u2019ils transmettaient. Elle est infallible et constitue l\u2019autorit\u00e9 ultime en mati\u00e8re de foi et de [&hellip;]\" \/>\n<meta property=\"og:url\" content=\"https:\/\/fsbbc.org\/index.php\/what-we-believe\/\" \/>\n<meta property=\"og:site_name\" content=\"French Speaking Bethesda Baptist Church\" \/>\n<meta property=\"article:modified_time\" content=\"2025-12-07T10:38:00+00:00\" \/>\n<meta name=\"twitter:card\" content=\"summary_large_image\" \/>\n<meta name=\"twitter:label1\" content=\"Est. reading time\" \/>\n\t<meta name=\"twitter:data1\" content=\"5 minutes\" \/>\n<script type=\"application\/ld+json\" class=\"yoast-schema-graph\">{\"@context\":\"https:\/\/schema.org\",\"@graph\":[{\"@type\":\"WebPage\",\"@id\":\"https:\/\/fsbbc.org\/index.php\/what-we-believe\/\",\"url\":\"https:\/\/fsbbc.org\/index.php\/what-we-believe\/\",\"name\":\"What We Believe - French Speaking Bethesda Baptist Church\",\"isPartOf\":{\"@id\":\"https:\/\/fsbbc.org\/#website\"},\"datePublished\":\"2025-09-05T20:46:32+00:00\",\"dateModified\":\"2025-12-07T10:38:00+00:00\",\"breadcrumb\":{\"@id\":\"https:\/\/fsbbc.org\/index.php\/what-we-believe\/#breadcrumb\"},\"inLanguage\":\"en-US\",\"potentialAction\":[{\"@type\":\"ReadAction\",\"target\":[\"https:\/\/fsbbc.org\/index.php\/what-we-believe\/\"]}]},{\"@type\":\"BreadcrumbList\",\"@id\":\"https:\/\/fsbbc.org\/index.php\/what-we-believe\/#breadcrumb\",\"itemListElement\":[{\"@type\":\"ListItem\",\"position\":1,\"name\":\"Home\",\"item\":\"https:\/\/fsbbc.org\/\"},{\"@type\":\"ListItem\",\"position\":2,\"name\":\"What We Believe\"}]},{\"@type\":\"WebSite\",\"@id\":\"https:\/\/fsbbc.org\/#website\",\"url\":\"https:\/\/fsbbc.org\/\",\"name\":\"French Speaking Bethesda Baptist Church\",\"description\":\"\",\"potentialAction\":[{\"@type\":\"SearchAction\",\"target\":{\"@type\":\"EntryPoint\",\"urlTemplate\":\"https:\/\/fsbbc.org\/?s={search_term_string}\"},\"query-input\":{\"@type\":\"PropertyValueSpecification\",\"valueRequired\":true,\"valueName\":\"search_term_string\"}}],\"inLanguage\":\"en-US\"}]}<\/script>\n<!-- \/ Yoast SEO plugin. -->","yoast_head_json":{"title":"What We Believe - French Speaking Bethesda Baptist Church","robots":{"index":"index","follow":"follow","max-snippet":"max-snippet:-1","max-image-preview":"max-image-preview:large","max-video-preview":"max-video-preview:-1"},"canonical":"https:\/\/fsbbc.org\/index.php\/what-we-believe\/","og_locale":"en_US","og_type":"article","og_title":"What We Believe - French Speaking Bethesda Baptist Church","og_description":"Nous croyons en:1 &#8211; La pleine et entiere inspiration de la Bible.Dieu est l\u2019auteur ultime de tous les livres de la Bible. Le Saint-Esprit a guide les auteurs humains dans leur r\u00e9daction, les pr\u00e9servant de toute erreur dans le message qu\u2019ils transmettaient. Elle est infallible et constitue l\u2019autorit\u00e9 ultime en mati\u00e8re de foi et de [&hellip;]","og_url":"https:\/\/fsbbc.org\/index.php\/what-we-believe\/","og_site_name":"French Speaking Bethesda Baptist Church","article_modified_time":"2025-12-07T10:38:00+00:00","twitter_card":"summary_large_image","twitter_misc":{"Est. reading time":"5 minutes"},"schema":{"@context":"https:\/\/schema.org","@graph":[{"@type":"WebPage","@id":"https:\/\/fsbbc.org\/index.php\/what-we-believe\/","url":"https:\/\/fsbbc.org\/index.php\/what-we-believe\/","name":"What We Believe - French Speaking Bethesda Baptist Church","isPartOf":{"@id":"https:\/\/fsbbc.org\/#website"},"datePublished":"2025-09-05T20:46:32+00:00","dateModified":"2025-12-07T10:38:00+00:00","breadcrumb":{"@id":"https:\/\/fsbbc.org\/index.php\/what-we-believe\/#breadcrumb"},"inLanguage":"en-US","potentialAction":[{"@type":"ReadAction","target":["https:\/\/fsbbc.org\/index.php\/what-we-believe\/"]}]},{"@type":"BreadcrumbList","@id":"https:\/\/fsbbc.org\/index.php\/what-we-believe\/#breadcrumb","itemListElement":[{"@type":"ListItem","position":1,"name":"Home","item":"https:\/\/fsbbc.org\/"},{"@type":"ListItem","position":2,"name":"What We Believe"}]},{"@type":"WebSite","@id":"https:\/\/fsbbc.org\/#website","url":"https:\/\/fsbbc.org\/","name":"French Speaking Bethesda Baptist Church","description":"","potentialAction":[{"@type":"SearchAction","target":{"@type":"EntryPoint","urlTemplate":"https:\/\/fsbbc.org\/?s={search_term_string}"},"query-input":{"@type":"PropertyValueSpecification","valueRequired":true,"valueName":"search_term_string"}}],"inLanguage":"en-US"}]}},"_links":{"self":[{"href":"https:\/\/fsbbc.org\/index.php\/wp-json\/wp\/v2\/pages\/61","targetHints":{"allow":["GET"]}}],"collection":[{"href":"https:\/\/fsbbc.org\/index.php\/wp-json\/wp\/v2\/pages"}],"about":[{"href":"https:\/\/fsbbc.org\/index.php\/wp-json\/wp\/v2\/types\/page"}],"author":[{"embeddable":true,"href":"https:\/\/fsbbc.org\/index.php\/wp-json\/wp\/v2\/users\/1"}],"replies":[{"embeddable":true,"href":"https:\/\/fsbbc.org\/index.php\/wp-json\/wp\/v2\/comments?post=61"}],"version-history":[{"count":9,"href":"https:\/\/fsbbc.org\/index.php\/wp-json\/wp\/v2\/pages\/61\/revisions"}],"predecessor-version":[{"id":135,"href":"https:\/\/fsbbc.org\/index.php\/wp-json\/wp\/v2\/pages\/61\/revisions\/135"}],"wp:attachment":[{"href":"https:\/\/fsbbc.org\/index.php\/wp-json\/wp\/v2\/media?parent=61"}],"curies":[{"name":"wp","href":"https:\/\/api.w.org\/{rel}","templated":true}]}}